{"id":4704,"date":"2023-11-15T19:44:23","date_gmt":"2023-11-15T19:44:23","guid":{"rendered":"https:\/\/oanaberdila.com\/?page_id=4704"},"modified":"2025-05-14T19:54:21","modified_gmt":"2025-05-14T16:54:21","slug":"couple-coaching","status":"publish","type":"page","link":"https:\/\/oanaberdila.com\/en\/couple-coaching\/","title":{"rendered":"Coaching de cuplu"},"content":{"rendered":"<div data-elementor-type=\"wp-page\" data-elementor-id=\"4704\" class=\"elementor elementor-4704\" data-elementor-post-type=\"page\">\n\t\t\t\t\t\t<section class=\"elementor-section elementor-top-section elementor-element elementor-element-9e3df76 elementor-section-boxed elementor-section-height-default elementor-section-height-default\" data-id=\"9e3df76\" data-element_type=\"section\" data-settings=\"{&quot;background_background&quot;:&quot;classic&quot;}\">\n\t\t\t\t\t\t<div class=\"elementor-container elementor-column-gap-default\">\n\t\t\t\t\t<div class=\"elementor-column elementor-col-100 elementor-top-column elementor-element elementor-element-3a80e16\" data-id=\"3a80e16\" data-element_type=\"column\">\n\t\t\t<div class=\"elementor-widget-wrap elementor-element-populated\">\n\t\t\t\t\t\t<div class=\"elementor-element elementor-element-593bf39 elementor-widget elementor-widget-heading\" data-id=\"593bf39\" data-element_type=\"widget\" data-widget_type=\"heading.default\">\n\t\t\t\t<div class=\"elementor-widget-container\">\n\t\t\t\t\t<h2 class=\"elementor-heading-title elementor-size-default\">Coaching de cuplu<\/h2>\t\t\t\t<\/div>\n\t\t\t\t<\/div>\n\t\t\t\t\t<\/div>\n\t\t<\/div>\n\t\t\t\t\t<\/div>\n\t\t<\/section>\n\t\t\t\t<section class=\"elementor-section elementor-top-section elementor-element elementor-element-f9cf95f elementor-section-boxed elementor-section-height-default elementor-section-height-default\" data-id=\"f9cf95f\" data-element_type=\"section\">\n\t\t\t\t\t\t<div class=\"elementor-container elementor-column-gap-default\">\n\t\t\t\t\t<div class=\"elementor-column elementor-col-33 elementor-top-column elementor-element elementor-element-a1d6241\" data-id=\"a1d6241\" data-element_type=\"column\" data-settings=\"{&quot;background_background&quot;:&quot;classic&quot;}\">\n\t\t\t<div class=\"elementor-widget-wrap elementor-element-populated\">\n\t\t\t\t\t\t<div class=\"elementor-element elementor-element-b2f9ab0 elementor-align-center elementor-widget elementor-widget-button\" data-id=\"b2f9ab0\" data-element_type=\"widget\" data-widget_type=\"button.default\">\n\t\t\t\t<div class=\"elementor-widget-container\">\n\t\t\t\t\t\t\t\t\t<div class=\"elementor-button-wrapper\">\n\t\t\t\t\t<a class=\"elementor-button elementor-button-link elementor-size-sm\" href=\"#\">\n\t\t\t\t\t\t<span class=\"elementor-button-content-wrapper\">\n\t\t\t\t\t\t\t\t\t<span class=\"elementor-button-text\">Reaprinde iubirea \u00een rela\u021bia ta<\/span>\n\t\t\t\t\t<\/span>\n\t\t\t\t\t<\/a>\n\t\t\t\t<\/div>\n\t\t\t\t\t\t\t\t<\/div>\n\t\t\t\t<\/div>\n\t\t\t\t<div class=\"elementor-element elementor-element-675e9ed elementor-widget elementor-widget-text-editor\" data-id=\"675e9ed\" data-element_type=\"widget\" data-widget_type=\"text-editor.default\">\n\t\t\t\t<div class=\"elementor-widget-container\">\n\t\t\t\t\t\t\t\t\t<ul><li>Ai sentimentul c\u0103 rela\u021bia ta este la cap\u0103t de drum \u0219i c\u0103 nu mai e nimic de f\u0103cut, dar \u00eenc\u0103 e\u0219ti \u00een rela\u021bia asta \u0219i te sim\u021bi ca-ntr-o cu\u0219c\u0103.<\/li><li>Nu e\u0219ti ascultat, respectat, ajutat, sus\u021binut. Ai \u00eencercat tot ce se putea, ai fost deja \u0219i la \u0219edin\u021be de terapie de cuplu, lucrurile\u00a0 \u00a0 \u00a0s-au imbun\u0103t\u0103\u021bit 3-4 s\u0103pt\u0103m\u00e2ni \u0219i apoi totul s-a \u00eentors la normalitatea familiar\u0103 de a te sim\u021bi singur \u00een rela\u021bie, izolat, ne\u00een\u021beles, nevalorat.<\/li><li>De\u0219i \u021bi-ai spus c\u0103 po\u021bi trece peste faptul ca ai fost tr\u0103dat\/tr\u0103dat\u0103, realizezi zi de zi c\u0103 te consum\u0103 din ce \u00een ce mai mult infidelitatea aceea, \u0219i nu \u00een\u021belegi de ce continui s\u0103 te min\u021bi, mai ales c\u00e2nd te \u0219i observi c\u0103 flirtezi cu oricine apare in drumul t\u0103u. Oare chiar vrei s\u0103 devii infidel tocmai tu, care pretinzi c\u0103 e\u0219ti corect \u0219i loial?!?<\/li><li>Faptul c\u0103 n-ai plecat \u00eenc\u0103 din rela\u021bie, fie pentru c\u0103 ai dubii c\u0103 mai po\u021bi g\u0103si iubirea adev\u0103rat\u0103, \u00eentreb\u00e2ndu-te ce probabilitate infim\u0103 exist\u0103 s\u0103 g\u0103se\u0219ti partenerul dorit, fie pentru c\u0103 te g\u00e2nde\u0219ti c\u00e2t de mult r\u0103u le-ai pricinui copiilor, te face s\u0103 te sim\u021bi \u0219i mai vinovat fa\u021b\u0103 de tine, fa\u021b\u0103 de ei, fa\u021b\u0103 de toata lumea, te-ai tr\u0103dat pe tine \u0219i via\u021ba care se presupunea c\u0103-\u021bi apar\u021bine. \u0218i duci ru\u0219inea \u0219i presiunea asta oriunde mergi, pres\u0103r\u00e2nd discordie \u0219i nemul\u021bumire fie \u00een familie, fie la munc\u0103, afectezi chiar \u0219i rela\u021bia cu prietenii, triste\u021bea, durerea \u0219i resemnarea sunt noile tale repere.<\/li><li>A\u0219tep\u021bi s\u0103 vin\u0103 un moment oportun, v\u00e2nezi momentul c\u0103nd cel\u0103lalt \u00ee\u021bi va gre\u0219i, s\u0103 po\u021bi s\u0103 te \u00eenfurii \u0219i s\u0103 dai vina pe partener pentru a-\u021bi justifica gestul extrem de a pleca \u00een sf\u00e2r\u0219it din rela\u021bia asta care te ucide \u00eencet \u0219i sigur. Furia e mai mare dec\u00e2t frica de necunoscut, \u0219tii c\u0103 acum chiar pleci \u0219i nu vei regreta c\u0103 ai luat o decizie la m\u00e2nie.<\/li><li>Opre\u0219te-te! \u00cenainte de a lua o decizie emo\u021bional\u0103 pe care s-ar putea s-o regre\u021bi, mai d\u0103-i o \u0219ans\u0103 rela\u021biei tale, \u021bie \u0219i partenerului t\u0103u, familiei tale.<\/li><\/ul>\t\t\t\t\t\t\t\t<\/div>\n\t\t\t\t<\/div>\n\t\t\t\t\t<\/div>\n\t\t<\/div>\n\t\t\t\t<div class=\"elementor-column elementor-col-33 elementor-top-column elementor-element elementor-element-499c8ab\" data-id=\"499c8ab\" data-element_type=\"column\">\n\t\t\t<div class=\"elementor-widget-wrap elementor-element-populated\">\n\t\t\t\t\t\t<div class=\"elementor-element elementor-element-594d9d4 elementor-view-default elementor-widget elementor-widget-icon\" data-id=\"594d9d4\" data-element_type=\"widget\" data-widget_type=\"icon.default\">\n\t\t\t\t<div class=\"elementor-widget-container\">\n\t\t\t\t\t\t\t<div class=\"elementor-icon-wrapper\">\n\t\t\t<div class=\"elementor-icon\">\n\t\t\t<i aria-hidden=\"true\" class=\"fas fa-arrow-circle-right\"><\/i>\t\t\t<\/div>\n\t\t<\/div>\n\t\t\t\t\t\t<\/div>\n\t\t\t\t<\/div>\n\t\t\t\t\t<\/div>\n\t\t<\/div>\n\t\t\t\t<div class=\"elementor-column elementor-col-33 elementor-top-column elementor-element elementor-element-a248b54\" data-id=\"a248b54\" data-element_type=\"column\" data-settings=\"{&quot;background_background&quot;:&quot;classic&quot;}\">\n\t\t\t<div class=\"elementor-widget-wrap elementor-element-populated\">\n\t\t\t\t\t\t<section class=\"elementor-section elementor-inner-section elementor-element elementor-element-b668921 elementor-section-boxed elementor-section-height-default elementor-section-height-default\" data-id=\"b668921\" data-element_type=\"section\" data-settings=\"{&quot;background_background&quot;:&quot;classic&quot;}\">\n\t\t\t\t\t\t<div class=\"elementor-container elementor-column-gap-default\">\n\t\t\t\t\t<div class=\"elementor-column elementor-col-100 elementor-inner-column elementor-element elementor-element-5c24f29\" data-id=\"5c24f29\" data-element_type=\"column\">\n\t\t\t<div class=\"elementor-widget-wrap elementor-element-populated\">\n\t\t\t\t\t\t<div class=\"elementor-element elementor-element-77f3630 elementor-align-left elementor-icon-list--layout-traditional elementor-list-item-link-full_width elementor-widget elementor-widget-icon-list\" data-id=\"77f3630\" data-element_type=\"widget\" data-widget_type=\"icon-list.default\">\n\t\t\t\t<div class=\"elementor-widget-container\">\n\t\t\t\t\t\t\t<ul class=\"elementor-icon-list-items\">\n\t\t\t\t\t\t\t<li class=\"elementor-icon-list-item\">\n\t\t\t\t\t\t\t\t\t\t\t<span class=\"elementor-icon-list-icon\">\n\t\t\t\t\t\t\t<i aria-hidden=\"true\" class=\"fas fa-check\"><\/i>\t\t\t\t\t\t<\/span>\n\t\t\t\t\t\t\t\t\t\t<span class=\"elementor-icon-list-text\">8 Sesiuni online  <\/span>\n\t\t\t\t\t\t\t\t\t<\/li>\n\t\t\t\t\t\t\t\t<li class=\"elementor-icon-list-item\">\n\t\t\t\t\t\t\t\t\t\t\t<span class=\"elementor-icon-list-icon\">\n\t\t\t\t\t\t\t<i aria-hidden=\"true\" class=\"fas fa-check\"><\/i>\t\t\t\t\t\t<\/span>\n\t\t\t\t\t\t\t\t\t\t<span class=\"elementor-icon-list-text\">Couple couching 2:1<\/span>\n\t\t\t\t\t\t\t\t\t<\/li>\n\t\t\t\t\t\t\t\t<li class=\"elementor-icon-list-item\">\n\t\t\t\t\t\t\t\t\t\t\t<span class=\"elementor-icon-list-icon\">\n\t\t\t\t\t\t\t<i aria-hidden=\"true\" class=\"fas fa-check\"><\/i>\t\t\t\t\t\t<\/span>\n\t\t\t\t\t\t\t\t\t\t<span class=\"elementor-icon-list-text\">Durata sesiunii: 60 minute<\/span>\n\t\t\t\t\t\t\t\t\t<\/li>\n\t\t\t\t\t\t\t\t<li class=\"elementor-icon-list-item\">\n\t\t\t\t\t\t\t\t\t\t\t<span class=\"elementor-icon-list-icon\">\n\t\t\t\t\t\t\t<i aria-hidden=\"true\" class=\"fas fa-check\"><\/i>\t\t\t\t\t\t<\/span>\n\t\t\t\t\t\t\t\t\t\t<span class=\"elementor-icon-list-text\">Frecven\u021b\u0103: s\u0103pt\u0103m\u00e2nal, aceea\u0219i zi \u0219i or\u0103<\/span>\n\t\t\t\t\t\t\t\t\t<\/li>\n\t\t\t\t\t\t\t\t<li class=\"elementor-icon-list-item\">\n\t\t\t\t\t\t\t\t\t\t\t<span class=\"elementor-icon-list-icon\">\n\t\t\t\t\t\t\t<i aria-hidden=\"true\" class=\"fas fa-check\"><\/i>\t\t\t\t\t\t<\/span>\n\t\t\t\t\t\t\t\t\t\t<span class=\"elementor-icon-list-text\">Spatiu sigur de exprimare, din confortul casei tale<\/span>\n\t\t\t\t\t\t\t\t\t<\/li>\n\t\t\t\t\t\t\t\t<li class=\"elementor-icon-list-item\">\n\t\t\t\t\t\t\t\t\t\t\t<span class=\"elementor-icon-list-icon\">\n\t\t\t\t\t\t\t<i aria-hidden=\"true\" class=\"fas fa-check\"><\/i>\t\t\t\t\t\t<\/span>\n\t\t\t\t\t\t\t\t\t\t<span class=\"elementor-icon-list-text\">Partener experimentat de dialog<\/span>\n\t\t\t\t\t\t\t\t\t<\/li>\n\t\t\t\t\t\t\t\t<li class=\"elementor-icon-list-item\">\n\t\t\t\t\t\t\t\t\t\t\t<span class=\"elementor-icon-list-icon\">\n\t\t\t\t\t\t\t<i aria-hidden=\"true\" class=\"fas fa-check\"><\/i>\t\t\t\t\t\t<\/span>\n\t\t\t\t\t\t\t\t\t\t<span class=\"elementor-icon-list-text\">Viziune \u0219i misiune comun\u0103, responsabilizare 100% \u00een cuplu<\/span>\n\t\t\t\t\t\t\t\t\t<\/li>\n\t\t\t\t\t\t\t\t<li class=\"elementor-icon-list-item\">\n\t\t\t\t\t\t\t\t\t\t\t<span class=\"elementor-icon-list-icon\">\n\t\t\t\t\t\t\t<i aria-hidden=\"true\" class=\"fas fa-check\"><\/i>\t\t\t\t\t\t<\/span>\n\t\t\t\t\t\t\t\t\t\t<span class=\"elementor-icon-list-text\">100% confiden\u021bial<\/span>\n\t\t\t\t\t\t\t\t\t<\/li>\n\t\t\t\t\t\t\t\t<li class=\"elementor-icon-list-item\">\n\t\t\t\t\t\t\t\t\t\t\t<span class=\"elementor-icon-list-icon\">\n\t\t\t\t\t\t\t<i aria-hidden=\"true\" class=\"fas fa-check\"><\/i>\t\t\t\t\t\t<\/span>\n\t\t\t\t\t\t\t\t\t\t<span class=\"elementor-icon-list-text\">100% confiden\u021bial<\/span>\n\t\t\t\t\t\t\t\t\t<\/li>\n\t\t\t\t\t\t<\/ul>\n\t\t\t\t\t\t<\/div>\n\t\t\t\t<\/div>\n\t\t\t\t<div class=\"elementor-element elementor-element-29c5ba8 elementor-widget elementor-widget-heading\" data-id=\"29c5ba8\" data-element_type=\"widget\" data-widget_type=\"heading.default\">\n\t\t\t\t<div class=\"elementor-widget-container\">\n\t\t\t\t\t<p class=\"elementor-heading-title elementor-size-default\">4.283 RON<\/p>\t\t\t\t<\/div>\n\t\t\t\t<\/div>\n\t\t\t\t<div class=\"elementor-element elementor-element-2fac1e3 elementor-align-center elementor-widget elementor-widget-button\" data-id=\"2fac1e3\" data-element_type=\"widget\" data-widget_type=\"button.default\">\n\t\t\t\t<div class=\"elementor-widget-container\">\n\t\t\t\t\t\t\t\t\t<div class=\"elementor-button-wrapper\">\n\t\t\t\t\t<a class=\"elementor-button elementor-button-link elementor-size-sm\" href=\"https:\/\/oanaberdila.com\/en\/?fluent-booking=calendar&#038;host=oana&#038;event=60min-5\">\n\t\t\t\t\t\t<span class=\"elementor-button-content-wrapper\">\n\t\t\t\t\t\t\t\t\t<span class=\"elementor-button-text\">Ac\u021bioneaz\u0103 acum<\/span>\n\t\t\t\t\t<\/span>\n\t\t\t\t\t<\/a>\n\t\t\t\t<\/div>\n\t\t\t\t\t\t\t\t<\/div>\n\t\t\t\t<\/div>\n\t\t\t\t\t<\/div>\n\t\t<\/div>\n\t\t\t\t\t<\/div>\n\t\t<\/section>\n\t\t\t\t\t<\/div>\n\t\t<\/div>\n\t\t\t\t\t<\/div>\n\t\t<\/section>\n\t\t\t\t<section class=\"elementor-section elementor-top-section elementor-element elementor-element-632a528 elementor-section-boxed elementor-section-height-default elementor-section-height-default\" data-id=\"632a528\" data-element_type=\"section\">\n\t\t\t\t\t\t<div class=\"elementor-container elementor-column-gap-default\">\n\t\t\t\t\t<div class=\"elementor-column elementor-col-100 elementor-top-column elementor-element elementor-element-f9c7e4d\" data-id=\"f9c7e4d\" data-element_type=\"column\" data-settings=\"{&quot;background_background&quot;:&quot;classic&quot;}\">\n\t\t\t<div class=\"elementor-widget-wrap elementor-element-populated\">\n\t\t\t\t\t\t<div class=\"elementor-element elementor-element-3511bf8 elementor-widget elementor-widget-text-editor\" data-id=\"3511bf8\" data-element_type=\"widget\" data-widget_type=\"text-editor.default\">\n\t\t\t\t<div class=\"elementor-widget-container\">\n\t\t\t\t\t\t\t\t\t<p>Acest pachet pentru cuplu este proiectat pentru a oferi un cadru de lucru sigur, obiectiv \u0219i creativ, \u00een care experimentezi antrenamentul de echip\u0103, cu beneficii pentru am\u00e2ndoi. La cap\u0103tul a 8 s\u0103pt\u0103m\u00e2ni de lucru sus\u021binut, de clarificare, onestitate, reflectare, iertare, acceptare, brainstormare, creativitate, planificare,<\/p>\n<ul>\n<li>fie te re\u00eend\u0103goste\u0219ti p\u00e2n\u0103 peste cap, iremediabil, chiar mai r\u0103u dec\u00e2t la \u00eenceput, \u0219i \u00een plus acum chiar ai un scop comun, o viziune \u0219i misiune de cuplu agreat\u0103 pe termen lung cu partenerul t\u0103u,<\/li>\n<li>fie ie\u0219i din rela\u021bie asumat, lini\u0219tit, \u00een termeni de prietenie, respect \u0219i cooperare, cu recuno\u0219tin\u021b\u0103 pentru o c\u0103l\u0103torie \u00een doi de neuitat. Probabil ca te bucuri cel mai mult c\u0103 po\u021bi continua s\u0103 faci o echip\u0103 solid\u0103 pentru copii, ca ni\u0219te adev\u0103ra\u021bi p\u0103rin\u021bi responsabili.&nbsp; &nbsp; &nbsp; &nbsp; &nbsp; &nbsp; &nbsp; &nbsp; &nbsp; &nbsp; &nbsp;\u0218i dac\u0103 nu te afli \u00een scenariul cu copii, probabil c\u0103 este benefic c\u0103 pute\u021bi r\u0103m\u00e2ne parteneri de afacere, sau c\u0103 po\u021bi s\u0103 r\u0103m\u00e2i \u00een grupul de prieteni comuni. E\u0219ti entuziast c\u0103 ai salvat ni\u0219te ani de via\u021b\u0103 pe care acum po\u021bi s\u0103-i investe\u0219ti \u00een c\u0103l\u0103toria de sine f\u0103r\u0103 remu\u0219c\u0103ri, regrete, ru\u0219ine, vinov\u0103\u021bie, certuri. \u0218tii cum vrei s\u0103-\u021bi construie\u0219ti via\u021ba, cum vrei s-o traie\u0219ti \u0219i mai ales pe cine alegi partener de drum.<\/li>\n<\/ul>\t\t\t\t\t\t\t\t<\/div>\n\t\t\t\t<\/div>\n\t\t\t\t\t<\/div>\n\t\t<\/div>\n\t\t\t\t\t<\/div>\n\t\t<\/section>\n\t\t\t\t<\/div>","protected":false},"excerpt":{"rendered":"<p>Reaprinde iubirea \u00een rela\u021bia ta Ai sentimentul c\u0103 rela\u021bia ta este la cap\u0103t de drum \u0219i c\u0103 nu mai e nimic de f\u0103cut, dar \u00eenc\u0103 e\u0219ti \u00een rela\u021bia asta \u0219i te sim\u021bi ca-ntr-o cu\u0219c\u0103. Nu e\u0219ti ascultat, respectat, ajutat, sus\u021binut. Ai \u00eencercat tot ce se putea, ai fost deja \u0219i la \u0219edin\u021be de terapie de [&hellip;]<\/p>","protected":false},"author":1,"featured_media":0,"parent":0,"menu_order":0,"comment_status":"closed","ping_status":"closed","template":"","meta":{"_acf_changed":false,"footnotes":""},"class_list":["post-4704","page","type-page","status-publish","hentry"],"acf":[],"yoast_head":"<!-- This site is optimized with the Yoast SEO plugin v26.4 - https:\/\/yoast.com\/wordpress\/plugins\/seo\/ -->\n<title>Coaching de cuplu - Oana Berdil\u0103<\/title>\n<meta name=\"robots\" content=\"index, follow, max-snippet:-1, max-image-preview:large, max-video-preview:-1\" \/>\n<link rel=\"canonical\" href=\"https:\/\/oanaberdila.com\/en\/couple-coaching\/\" \/>\n<meta property=\"og:locale\" content=\"en_US\" \/>\n<meta property=\"og:type\" content=\"article\" \/>\n<meta property=\"og:title\" content=\"Coaching de cuplu - Oana Berdil\u0103\" \/>\n<meta property=\"og:description\" content=\"Reaprinde iubirea \u00een rela\u021bia ta Ai sentimentul c\u0103 rela\u021bia ta este la cap\u0103t de drum \u0219i c\u0103 nu mai e nimic de f\u0103cut, dar \u00eenc\u0103 e\u0219ti \u00een rela\u021bia asta \u0219i te sim\u021bi ca-ntr-o cu\u0219c\u0103. Nu e\u0219ti ascultat, respectat, ajutat, sus\u021binut. Ai \u00eencercat tot ce se putea, ai fost deja \u0219i la \u0219edin\u021be de terapie de [&hellip;]\" \/>\n<meta property=\"og:url\" content=\"https:\/\/oanaberdila.com\/en\/couple-coaching\/\" \/>\n<meta property=\"og:site_name\" content=\"Oana Berdil\u0103\" \/>\n<meta property=\"article:modified_time\" content=\"2025-05-14T16:54:21+00:00\" \/>\n<meta name=\"twitter:card\" content=\"summary_large_image\" \/>\n<meta name=\"twitter:label1\" content=\"Est. reading time\" \/>\n\t<meta name=\"twitter:data1\" content=\"4 minutes\" \/>\n<script type=\"application\/ld+json\" class=\"yoast-schema-graph\">{\"@context\":\"https:\/\/schema.org\",\"@graph\":[{\"@type\":\"WebPage\",\"@id\":\"https:\/\/oanaberdila.com\/coaching-cuplu\/\",\"url\":\"https:\/\/oanaberdila.com\/coaching-cuplu\/\",\"name\":\"Coaching de cuplu - Oana Berdil\u0103\",\"isPartOf\":{\"@id\":\"https:\/\/oanaberdila.com\/#website\"},\"datePublished\":\"2023-11-15T19:44:23+00:00\",\"dateModified\":\"2025-05-14T16:54:21+00:00\",\"breadcrumb\":{\"@id\":\"https:\/\/oanaberdila.com\/coaching-cuplu\/#breadcrumb\"},\"inLanguage\":\"en-US\",\"potentialAction\":[{\"@type\":\"ReadAction\",\"target\":[\"https:\/\/oanaberdila.com\/coaching-cuplu\/\"]}]},{\"@type\":\"BreadcrumbList\",\"@id\":\"https:\/\/oanaberdila.com\/coaching-cuplu\/#breadcrumb\",\"itemListElement\":[{\"@type\":\"ListItem\",\"position\":1,\"name\":\"Prima pagin\u0103\",\"item\":\"https:\/\/oanaberdila.com\/\"},{\"@type\":\"ListItem\",\"position\":2,\"name\":\"Coaching de cuplu\"}]},{\"@type\":\"WebSite\",\"@id\":\"https:\/\/oanaberdila.com\/#website\",\"url\":\"https:\/\/oanaberdila.com\/\",\"name\":\"Oana Berdil\u0103\",\"description\":\"Be SMART by HEART inspirational neurocoaching with Oana Berdil\u0103\",\"publisher\":{\"@id\":\"https:\/\/oanaberdila.com\/#organization\"},\"potentialAction\":[{\"@type\":\"SearchAction\",\"target\":{\"@type\":\"EntryPoint\",\"urlTemplate\":\"https:\/\/oanaberdila.com\/?s={search_term_string}\"},\"query-input\":{\"@type\":\"PropertyValueSpecification\",\"valueRequired\":true,\"valueName\":\"search_term_string\"}}],\"inLanguage\":\"en-US\"},{\"@type\":\"Organization\",\"@id\":\"https:\/\/oanaberdila.com\/#organization\",\"name\":\"Oana Berdil\u0103\",\"url\":\"https:\/\/oanaberdila.com\/\",\"logo\":{\"@type\":\"ImageObject\",\"inLanguage\":\"en-US\",\"@id\":\"https:\/\/oanaberdila.com\/#\/schema\/logo\/image\/\",\"url\":\"https:\/\/oanaberdila.com\/wp-content\/uploads\/2021\/03\/New-logo-NSROana.png\",\"contentUrl\":\"https:\/\/oanaberdila.com\/wp-content\/uploads\/2021\/03\/New-logo-NSROana.png\",\"width\":1024,\"height\":1024,\"caption\":\"Oana Berdil\u0103\"},\"image\":{\"@id\":\"https:\/\/oanaberdila.com\/#\/schema\/logo\/image\/\"}}]}<\/script>\n<!-- \/ Yoast SEO plugin. -->","yoast_head_json":{"title":"Coaching de cuplu - Oana Berdil\u0103","robots":{"index":"index","follow":"follow","max-snippet":"max-snippet:-1","max-image-preview":"max-image-preview:large","max-video-preview":"max-video-preview:-1"},"canonical":"https:\/\/oanaberdila.com\/en\/couple-coaching\/","og_locale":"en_US","og_type":"article","og_title":"Coaching de cuplu - Oana Berdil\u0103","og_description":"Reaprinde iubirea \u00een rela\u021bia ta Ai sentimentul c\u0103 rela\u021bia ta este la cap\u0103t de drum \u0219i c\u0103 nu mai e nimic de f\u0103cut, dar \u00eenc\u0103 e\u0219ti \u00een rela\u021bia asta \u0219i te sim\u021bi ca-ntr-o cu\u0219c\u0103. Nu e\u0219ti ascultat, respectat, ajutat, sus\u021binut. Ai \u00eencercat tot ce se putea, ai fost deja \u0219i la \u0219edin\u021be de terapie de [&hellip;]","og_url":"https:\/\/oanaberdila.com\/en\/couple-coaching\/","og_site_name":"Oana Berdil\u0103","article_modified_time":"2025-05-14T16:54:21+00:00","twitter_card":"summary_large_image","twitter_misc":{"Est. reading time":"4 minutes"},"schema":{"@context":"https:\/\/schema.org","@graph":[{"@type":"WebPage","@id":"https:\/\/oanaberdila.com\/coaching-cuplu\/","url":"https:\/\/oanaberdila.com\/coaching-cuplu\/","name":"Coaching de cuplu - Oana Berdil\u0103","isPartOf":{"@id":"https:\/\/oanaberdila.com\/#website"},"datePublished":"2023-11-15T19:44:23+00:00","dateModified":"2025-05-14T16:54:21+00:00","breadcrumb":{"@id":"https:\/\/oanaberdila.com\/coaching-cuplu\/#breadcrumb"},"inLanguage":"en-US","potentialAction":[{"@type":"ReadAction","target":["https:\/\/oanaberdila.com\/coaching-cuplu\/"]}]},{"@type":"BreadcrumbList","@id":"https:\/\/oanaberdila.com\/coaching-cuplu\/#breadcrumb","itemListElement":[{"@type":"ListItem","position":1,"name":"Prima pagin\u0103","item":"https:\/\/oanaberdila.com\/"},{"@type":"ListItem","position":2,"name":"Coaching de cuplu"}]},{"@type":"WebSite","@id":"https:\/\/oanaberdila.com\/#website","url":"https:\/\/oanaberdila.com\/","name":"Oana Berdil\u0103","description":"Be SMART by HEART inspirational neurocoaching with Oana Berdil\u0103","publisher":{"@id":"https:\/\/oanaberdila.com\/#organization"},"potentialAction":[{"@type":"SearchAction","target":{"@type":"EntryPoint","urlTemplate":"https:\/\/oanaberdila.com\/?s={search_term_string}"},"query-input":{"@type":"PropertyValueSpecification","valueRequired":true,"valueName":"search_term_string"}}],"inLanguage":"en-US"},{"@type":"Organization","@id":"https:\/\/oanaberdila.com\/#organization","name":"Oana Berdil\u0103","url":"https:\/\/oanaberdila.com\/","logo":{"@type":"ImageObject","inLanguage":"en-US","@id":"https:\/\/oanaberdila.com\/#\/schema\/logo\/image\/","url":"https:\/\/oanaberdila.com\/wp-content\/uploads\/2021\/03\/New-logo-NSROana.png","contentUrl":"https:\/\/oanaberdila.com\/wp-content\/uploads\/2021\/03\/New-logo-NSROana.png","width":1024,"height":1024,"caption":"Oana Berdil\u0103"},"image":{"@id":"https:\/\/oanaberdila.com\/#\/schema\/logo\/image\/"}}]}},"_links":{"self":[{"href":"https:\/\/oanaberdila.com\/en\/wp-json\/wp\/v2\/pages\/4704","targetHints":{"allow":["GET"]}}],"collection":[{"href":"https:\/\/oanaberdila.com\/en\/wp-json\/wp\/v2\/pages"}],"about":[{"href":"https:\/\/oanaberdila.com\/en\/wp-json\/wp\/v2\/types\/page"}],"author":[{"embeddable":true,"href":"https:\/\/oanaberdila.com\/en\/wp-json\/wp\/v2\/users\/1"}],"replies":[{"embeddable":true,"href":"https:\/\/oanaberdila.com\/en\/wp-json\/wp\/v2\/comments?post=4704"}],"version-history":[{"count":11,"href":"https:\/\/oanaberdila.com\/en\/wp-json\/wp\/v2\/pages\/4704\/revisions"}],"predecessor-version":[{"id":5785,"href":"https:\/\/oanaberdila.com\/en\/wp-json\/wp\/v2\/pages\/4704\/revisions\/5785"}],"wp:attachment":[{"href":"https:\/\/oanaberdila.com\/en\/wp-json\/wp\/v2\/media?parent=4704"}],"curies":[{"name":"wp","href":"https:\/\/api.w.org\/{rel}","templated":true}]}}