{"id":4713,"date":"2023-11-15T19:59:35","date_gmt":"2023-11-15T19:59:35","guid":{"rendered":"https:\/\/oanaberdila.com\/?page_id=4713"},"modified":"2025-03-21T01:21:23","modified_gmt":"2025-03-20T23:21:23","slug":"coaching","status":"publish","type":"page","link":"https:\/\/oanaberdila.com\/en\/coaching\/","title":{"rendered":"Coaching"},"content":{"rendered":"<div data-elementor-type=\"wp-page\" data-elementor-id=\"4713\" class=\"elementor elementor-4713\" data-elementor-post-type=\"page\">\n\t\t\t\t\t\t<section class=\"elementor-section elementor-top-section elementor-element elementor-element-9e3df76 elementor-section-boxed elementor-section-height-default elementor-section-height-default\" data-id=\"9e3df76\" data-element_type=\"section\" data-settings=\"{&quot;background_background&quot;:&quot;classic&quot;}\">\n\t\t\t\t\t\t<div class=\"elementor-container elementor-column-gap-default\">\n\t\t\t\t\t<div class=\"elementor-column elementor-col-100 elementor-top-column elementor-element elementor-element-3a80e16\" data-id=\"3a80e16\" data-element_type=\"column\">\n\t\t\t<div class=\"elementor-widget-wrap elementor-element-populated\">\n\t\t\t\t\t\t<div class=\"elementor-element elementor-element-593bf39 elementor-widget elementor-widget-heading\" data-id=\"593bf39\" data-element_type=\"widget\" data-widget_type=\"heading.default\">\n\t\t\t\t<div class=\"elementor-widget-container\">\n\t\t\t\t\t<h2 class=\"elementor-heading-title elementor-size-default\">Coaching <\/h2>\t\t\t\t<\/div>\n\t\t\t\t<\/div>\n\t\t\t\t\t<\/div>\n\t\t<\/div>\n\t\t\t\t\t<\/div>\n\t\t<\/section>\n\t\t\t\t<section class=\"elementor-section elementor-top-section elementor-element elementor-element-f9cf95f elementor-section-boxed elementor-section-height-default elementor-section-height-default\" data-id=\"f9cf95f\" data-element_type=\"section\">\n\t\t\t\t\t\t<div class=\"elementor-container elementor-column-gap-default\">\n\t\t\t\t\t<div class=\"elementor-column elementor-col-33 elementor-top-column elementor-element elementor-element-a1d6241\" data-id=\"a1d6241\" data-element_type=\"column\" data-settings=\"{&quot;background_background&quot;:&quot;classic&quot;}\">\n\t\t\t<div class=\"elementor-widget-wrap elementor-element-populated\">\n\t\t\t\t\t\t<div class=\"elementor-element elementor-element-b2f9ab0 elementor-align-center elementor-widget elementor-widget-button\" data-id=\"b2f9ab0\" data-element_type=\"widget\" data-widget_type=\"button.default\">\n\t\t\t\t<div class=\"elementor-widget-container\">\n\t\t\t\t\t\t\t\t\t<div class=\"elementor-button-wrapper\">\n\t\t\t\t\t<a class=\"elementor-button elementor-button-link elementor-size-sm\" href=\"#\">\n\t\t\t\t\t\t<span class=\"elementor-button-content-wrapper\">\n\t\t\t\t\t\t\t\t\t<span class=\"elementor-button-text\">E\u0219ti determinat s\u0103 faci o schimbare<\/span>\n\t\t\t\t\t<\/span>\n\t\t\t\t\t<\/a>\n\t\t\t\t<\/div>\n\t\t\t\t\t\t\t\t<\/div>\n\t\t\t\t<\/div>\n\t\t\t\t<div class=\"elementor-element elementor-element-675e9ed elementor-widget elementor-widget-text-editor\" data-id=\"675e9ed\" data-element_type=\"widget\" data-widget_type=\"text-editor.default\">\n\t\t\t\t<div class=\"elementor-widget-container\">\n\t\t\t\t\t\t\t\t\t<ul><li>Ai ajuns \u00eentr-un punct in care \u00eeti spui: \u201cGata! A\u0219a nu se mai poate! E prea mult, asta nu mai poate continua a\u0219a!\u201d<\/li><li>E\u0219ti determinat s\u0103 faci o schimbare, chiar dac\u0103 nu \u0219tii \u00eenc\u0103 cum sau ce anume ai de f\u0103cut, tu e\u0219ti determinat s\u0103 parcurgi accelerat to\u021bi pa\u0219ii ce se impun \u0219i e\u0219ti preg\u0103tit pentru efortul solicitant al unei transform\u0103ri rapide.<\/li><\/ul>\t\t\t\t\t\t\t\t<\/div>\n\t\t\t\t<\/div>\n\t\t\t\t\t<\/div>\n\t\t<\/div>\n\t\t\t\t<div class=\"elementor-column elementor-col-33 elementor-top-column elementor-element elementor-element-499c8ab\" data-id=\"499c8ab\" data-element_type=\"column\">\n\t\t\t<div class=\"elementor-widget-wrap elementor-element-populated\">\n\t\t\t\t\t\t<div class=\"elementor-element elementor-element-594d9d4 elementor-view-default elementor-widget elementor-widget-icon\" data-id=\"594d9d4\" data-element_type=\"widget\" data-widget_type=\"icon.default\">\n\t\t\t\t<div class=\"elementor-widget-container\">\n\t\t\t\t\t\t\t<div class=\"elementor-icon-wrapper\">\n\t\t\t<div class=\"elementor-icon\">\n\t\t\t<i aria-hidden=\"true\" class=\"fas fa-arrow-circle-right\"><\/i>\t\t\t<\/div>\n\t\t<\/div>\n\t\t\t\t\t\t<\/div>\n\t\t\t\t<\/div>\n\t\t\t\t\t<\/div>\n\t\t<\/div>\n\t\t\t\t<div class=\"elementor-column elementor-col-33 elementor-top-column elementor-element elementor-element-a248b54\" data-id=\"a248b54\" data-element_type=\"column\" data-settings=\"{&quot;background_background&quot;:&quot;classic&quot;}\">\n\t\t\t<div class=\"elementor-widget-wrap elementor-element-populated\">\n\t\t\t\t\t\t<section class=\"elementor-section elementor-inner-section elementor-element elementor-element-b668921 elementor-section-boxed elementor-section-height-default elementor-section-height-default\" data-id=\"b668921\" data-element_type=\"section\" data-settings=\"{&quot;background_background&quot;:&quot;classic&quot;}\">\n\t\t\t\t\t\t<div class=\"elementor-container elementor-column-gap-default\">\n\t\t\t\t\t<div class=\"elementor-column elementor-col-100 elementor-inner-column elementor-element elementor-element-5c24f29\" data-id=\"5c24f29\" data-element_type=\"column\">\n\t\t\t<div class=\"elementor-widget-wrap elementor-element-populated\">\n\t\t\t\t\t\t<div class=\"elementor-element elementor-element-77f3630 elementor-align-left elementor-icon-list--layout-traditional elementor-list-item-link-full_width elementor-widget elementor-widget-icon-list\" data-id=\"77f3630\" data-element_type=\"widget\" data-widget_type=\"icon-list.default\">\n\t\t\t\t<div class=\"elementor-widget-container\">\n\t\t\t\t\t\t\t<ul class=\"elementor-icon-list-items\">\n\t\t\t\t\t\t\t<li class=\"elementor-icon-list-item\">\n\t\t\t\t\t\t\t\t\t\t\t<span class=\"elementor-icon-list-icon\">\n\t\t\t\t\t\t\t<i aria-hidden=\"true\" class=\"fas fa-check\"><\/i>\t\t\t\t\t\t<\/span>\n\t\t\t\t\t\t\t\t\t\t<span class=\"elementor-icon-list-text\">4 Sesiuni online 1:1<\/span>\n\t\t\t\t\t\t\t\t\t<\/li>\n\t\t\t\t\t\t\t\t<li class=\"elementor-icon-list-item\">\n\t\t\t\t\t\t\t\t\t\t\t<span class=\"elementor-icon-list-icon\">\n\t\t\t\t\t\t\t<i aria-hidden=\"true\" class=\"fas fa-check\"><\/i>\t\t\t\t\t\t<\/span>\n\t\t\t\t\t\t\t\t\t\t<span class=\"elementor-icon-list-text\">Durata sesiunii: 60 minute<\/span>\n\t\t\t\t\t\t\t\t\t<\/li>\n\t\t\t\t\t\t\t\t<li class=\"elementor-icon-list-item\">\n\t\t\t\t\t\t\t\t\t\t\t<span class=\"elementor-icon-list-icon\">\n\t\t\t\t\t\t\t<i aria-hidden=\"true\" class=\"fas fa-check\"><\/i>\t\t\t\t\t\t<\/span>\n\t\t\t\t\t\t\t\t\t\t<span class=\"elementor-icon-list-text\">Frecven\u021b\u0103: s\u0103pt\u0103m\u00e2nal<\/span>\n\t\t\t\t\t\t\t\t\t<\/li>\n\t\t\t\t\t\t\t\t<li class=\"elementor-icon-list-item\">\n\t\t\t\t\t\t\t\t\t\t\t<span class=\"elementor-icon-list-icon\">\n\t\t\t\t\t\t\t<i aria-hidden=\"true\" class=\"fas fa-check\"><\/i>\t\t\t\t\t\t<\/span>\n\t\t\t\t\t\t\t\t\t\t<span class=\"elementor-icon-list-text\">Spatiu sigur de exprimare, din confortul casei tale<\/span>\n\t\t\t\t\t\t\t\t\t<\/li>\n\t\t\t\t\t\t\t\t<li class=\"elementor-icon-list-item\">\n\t\t\t\t\t\t\t\t\t\t\t<span class=\"elementor-icon-list-icon\">\n\t\t\t\t\t\t\t<i aria-hidden=\"true\" class=\"fas fa-check\"><\/i>\t\t\t\t\t\t<\/span>\n\t\t\t\t\t\t\t\t\t\t<span class=\"elementor-icon-list-text\">Partener experimentat de dialog si provocare<\/span>\n\t\t\t\t\t\t\t\t\t<\/li>\n\t\t\t\t\t\t\t\t<li class=\"elementor-icon-list-item\">\n\t\t\t\t\t\t\t\t\t\t\t<span class=\"elementor-icon-list-icon\">\n\t\t\t\t\t\t\t<i aria-hidden=\"true\" class=\"fas fa-check\"><\/i>\t\t\t\t\t\t<\/span>\n\t\t\t\t\t\t\t\t\t\t<span class=\"elementor-icon-list-text\">Analiza, cauzalitate, strategie, plan de actiune<\/span>\n\t\t\t\t\t\t\t\t\t<\/li>\n\t\t\t\t\t\t\t\t<li class=\"elementor-icon-list-item\">\n\t\t\t\t\t\t\t\t\t\t\t<span class=\"elementor-icon-list-icon\">\n\t\t\t\t\t\t\t<i aria-hidden=\"true\" class=\"fas fa-check\"><\/i>\t\t\t\t\t\t<\/span>\n\t\t\t\t\t\t\t\t\t\t<span class=\"elementor-icon-list-text\">100% confidential<\/span>\n\t\t\t\t\t\t\t\t\t<\/li>\n\t\t\t\t\t\t<\/ul>\n\t\t\t\t\t\t<\/div>\n\t\t\t\t<\/div>\n\t\t\t\t<div class=\"elementor-element elementor-element-29c5ba8 elementor-widget elementor-widget-heading\" data-id=\"29c5ba8\" data-element_type=\"widget\" data-widget_type=\"heading.default\">\n\t\t\t\t<div class=\"elementor-widget-container\">\n\t\t\t\t\t<p class=\"elementor-heading-title elementor-size-default\">2.150 RON<\/p>\t\t\t\t<\/div>\n\t\t\t\t<\/div>\n\t\t\t\t<div class=\"elementor-element elementor-element-2fac1e3 elementor-align-center elementor-widget elementor-widget-button\" data-id=\"2fac1e3\" data-element_type=\"widget\" data-widget_type=\"button.default\">\n\t\t\t\t<div class=\"elementor-widget-container\">\n\t\t\t\t\t\t\t\t\t<div class=\"elementor-button-wrapper\">\n\t\t\t\t\t<a class=\"elementor-button elementor-button-link elementor-size-sm\" href=\"https:\/\/oanaberdila.com\/en\/?fluent-booking=calendar&#038;host=oana&#038;event=60min-2\">\n\t\t\t\t\t\t<span class=\"elementor-button-content-wrapper\">\n\t\t\t\t\t\t\t\t\t<span class=\"elementor-button-text\">Ac\u021bioneaz\u0103 acum<\/span>\n\t\t\t\t\t<\/span>\n\t\t\t\t\t<\/a>\n\t\t\t\t<\/div>\n\t\t\t\t\t\t\t\t<\/div>\n\t\t\t\t<\/div>\n\t\t\t\t\t<\/div>\n\t\t<\/div>\n\t\t\t\t\t<\/div>\n\t\t<\/section>\n\t\t\t\t\t<\/div>\n\t\t<\/div>\n\t\t\t\t\t<\/div>\n\t\t<\/section>\n\t\t\t\t<section class=\"elementor-section elementor-top-section elementor-element elementor-element-632a528 elementor-section-boxed elementor-section-height-default elementor-section-height-default\" data-id=\"632a528\" data-element_type=\"section\">\n\t\t\t\t\t\t<div class=\"elementor-container elementor-column-gap-default\">\n\t\t\t\t\t<div class=\"elementor-column elementor-col-100 elementor-top-column elementor-element elementor-element-f9c7e4d\" data-id=\"f9c7e4d\" data-element_type=\"column\" data-settings=\"{&quot;background_background&quot;:&quot;classic&quot;}\">\n\t\t\t<div class=\"elementor-widget-wrap elementor-element-populated\">\n\t\t\t\t\t\t<div class=\"elementor-element elementor-element-3511bf8 elementor-widget elementor-widget-text-editor\" data-id=\"3511bf8\" data-element_type=\"widget\" data-widget_type=\"text-editor.default\">\n\t\t\t\t<div class=\"elementor-widget-container\">\n\t\t\t\t\t\t\t\t\t<p>Acest pachet este creat pentru a-\u021bi oferi un impuls energic si concentrat \u00een abordarea \u0219i solu\u021bionarea unei provoc\u0103ri semnificative din via\u021ba ta. Pe parcursul celor 4 sesiuni parcurgi etapizat \u0219i \u00eentr-un ritm accelerat traseul de transformare, de la definirea provoc\u0103rii p\u00e2n\u0103 la creionarea unui plan de ac\u021biune.<br \/><strong>Sesiunea 1: Definirea provoc\u0103rii<\/strong><br \/>Ne concentr\u0103m pe \u00een\u021belegerea profund\u0103 a provoc\u0103rii cu care te confrun\u021bi. Creem cadrul s\u0103 exprimi emo\u021bii, g\u00e2nduri, nevoi, dorin\u021be \u00een scopul identific\u0103rii simptomelor \u0219i efectelor provoc\u0103rii \u0219i clarific\u0103rii obiectivelor.<br \/><strong>Sesiune 2 &#8211; Descoperirea Cauzelor \u0219i Consecin\u021belor:<\/strong><br \/>Explor\u0103m cauzele profunde ale provoc\u0103rii \u0219i modul \u00een care aceasta \u00ee\u021bi afecteaz\u0103 via\u021ba si reflect\u0103m asupra consecin\u021belor. Analiz\u0103m \u0219i clarific\u0103m conexiunile \u0219i modelele care contribuie la situa\u021bia actual\u0103.<br \/><strong>Sesiune 3 &#8211; Identificarea Solu\u021biilor:<\/strong><br \/>Ne concentr\u0103m pe identificarea solu\u021biilor posibile \u0219i dezvoltarea de strategii pentru a dep\u0103\u0219i provocarea. Evalu\u0103m op\u021biunile \u0219i resursele disponibile.<br \/><strong>Sesiune 4 &#8211; Crearea Strategiei de Transformare \u0219i Plan de Ac\u021biune:<\/strong><br \/>Creem o strategie de transformare personalizat\u0103 pentru a putea creiona un plan de ac\u021biune concret, prin identificarea pa\u0219ilor necesari pentru a atinge obiectivele SMART care \u00ee\u021bi transforma via\u021ba exact asa cum \u00ee\u021bi doresti.<\/p><p><strong>Beneficii ale Pachetului:<\/strong><br \/>Abordare rapid\u0103 \u0219i concentrat\u0103 pentru rezolvarea unei provoc\u0103ri semnificative.<br \/>Ghidare profesional\u0103 \u00een definirea \u0219i dep\u0103\u0219irea provoc\u0103rii.<br \/>Identificarea cauzelor profunde \u0219i a solu\u021biilor potrivite.<br \/>Crearea unei strategii de transformare \u0219i a unui plan de ac\u021biune concret. Sprijin \u00een luarea m\u0103surilor imediate pentru a atinge obiectivele propuse.<\/p><p><strong>Observa\u021bii:<\/strong><br \/>Acest pachet este potrivit pentru cei care doresc o solu\u021bie rapid\u0103 \u0219i eficient\u0103 pentru provoc\u0103rile personale.<br \/>Planul de ac\u021biune \u00ee\u021bi ofera ghidare \u0219i claritate \u00een implementarea schimb\u0103rilor dorite \u00een via\u021ba ta.<br \/>Acest pachet accelerat este perfect pentru cei care caut\u0103 un imbold sau poate un partener de lucru pentru a dep\u0103\u0219i o provocare important\u0103 \u0219i a crea transform\u0103ri semnificative \u00een via\u021ba lor.<\/p>\t\t\t\t\t\t\t\t<\/div>\n\t\t\t\t<\/div>\n\t\t\t\t\t<\/div>\n\t\t<\/div>\n\t\t\t\t\t<\/div>\n\t\t<\/section>\n\t\t\t\t<\/div>","protected":false},"excerpt":{"rendered":"<p>Coaching E\u0219ti determinat s\u0103 faci o schimbare Ai ajuns \u00eentr-un punct in care \u00eeti spui: \u201cGata! A\u0219a nu se mai poate! E prea mult, asta nu mai poate continua a\u0219a!\u201d E\u0219ti determinat s\u0103 faci o schimbare, chiar dac\u0103 nu \u0219tii \u00eenc\u0103 cum sau ce anume ai de f\u0103cut, tu e\u0219ti determinat s\u0103 parcurgi accelerat to\u021bi [&hellip;]<\/p>","protected":false},"author":1,"featured_media":0,"parent":0,"menu_order":0,"comment_status":"closed","ping_status":"closed","template":"","meta":{"_acf_changed":false,"footnotes":""},"class_list":["post-4713","page","type-page","status-publish","hentry"],"acf":[],"yoast_head":"<!-- This site is optimized with the Yoast SEO plugin v26.4 - https:\/\/yoast.com\/wordpress\/plugins\/seo\/ -->\n<title>Coaching - Oana Berdil\u0103<\/title>\n<meta name=\"robots\" content=\"index, follow, max-snippet:-1, max-image-preview:large, max-video-preview:-1\" \/>\n<link rel=\"canonical\" href=\"https:\/\/oanaberdila.com\/en\/coaching\/\" \/>\n<meta property=\"og:locale\" content=\"en_US\" \/>\n<meta property=\"og:type\" content=\"article\" \/>\n<meta property=\"og:title\" content=\"Coaching - Oana Berdil\u0103\" \/>\n<meta property=\"og:description\" content=\"Coaching E\u0219ti determinat s\u0103 faci o schimbare Ai ajuns \u00eentr-un punct in care \u00eeti spui: \u201cGata! A\u0219a nu se mai poate! E prea mult, asta nu mai poate continua a\u0219a!\u201d E\u0219ti determinat s\u0103 faci o schimbare, chiar dac\u0103 nu \u0219tii \u00eenc\u0103 cum sau ce anume ai de f\u0103cut, tu e\u0219ti determinat s\u0103 parcurgi accelerat to\u021bi [&hellip;]\" \/>\n<meta property=\"og:url\" content=\"https:\/\/oanaberdila.com\/en\/coaching\/\" \/>\n<meta property=\"og:site_name\" content=\"Oana Berdil\u0103\" \/>\n<meta property=\"article:modified_time\" content=\"2025-03-20T23:21:23+00:00\" \/>\n<meta name=\"twitter:card\" content=\"summary_large_image\" \/>\n<meta name=\"twitter:label1\" content=\"Est. reading time\" \/>\n\t<meta name=\"twitter:data1\" content=\"3 minutes\" \/>\n<script type=\"application\/ld+json\" class=\"yoast-schema-graph\">{\"@context\":\"https:\/\/schema.org\",\"@graph\":[{\"@type\":\"WebPage\",\"@id\":\"https:\/\/oanaberdila.com\/coaching\/\",\"url\":\"https:\/\/oanaberdila.com\/coaching\/\",\"name\":\"Coaching - Oana Berdil\u0103\",\"isPartOf\":{\"@id\":\"https:\/\/oanaberdila.com\/#website\"},\"datePublished\":\"2023-11-15T19:59:35+00:00\",\"dateModified\":\"2025-03-20T23:21:23+00:00\",\"breadcrumb\":{\"@id\":\"https:\/\/oanaberdila.com\/coaching\/#breadcrumb\"},\"inLanguage\":\"en-US\",\"potentialAction\":[{\"@type\":\"ReadAction\",\"target\":[\"https:\/\/oanaberdila.com\/coaching\/\"]}]},{\"@type\":\"BreadcrumbList\",\"@id\":\"https:\/\/oanaberdila.com\/coaching\/#breadcrumb\",\"itemListElement\":[{\"@type\":\"ListItem\",\"position\":1,\"name\":\"Prima pagin\u0103\",\"item\":\"https:\/\/oanaberdila.com\/\"},{\"@type\":\"ListItem\",\"position\":2,\"name\":\"Coaching\"}]},{\"@type\":\"WebSite\",\"@id\":\"https:\/\/oanaberdila.com\/#website\",\"url\":\"https:\/\/oanaberdila.com\/\",\"name\":\"Oana Berdil\u0103\",\"description\":\"Be SMART by HEART inspirational neurocoaching with Oana Berdil\u0103\",\"publisher\":{\"@id\":\"https:\/\/oanaberdila.com\/#organization\"},\"potentialAction\":[{\"@type\":\"SearchAction\",\"target\":{\"@type\":\"EntryPoint\",\"urlTemplate\":\"https:\/\/oanaberdila.com\/?s={search_term_string}\"},\"query-input\":{\"@type\":\"PropertyValueSpecification\",\"valueRequired\":true,\"valueName\":\"search_term_string\"}}],\"inLanguage\":\"en-US\"},{\"@type\":\"Organization\",\"@id\":\"https:\/\/oanaberdila.com\/#organization\",\"name\":\"Oana Berdil\u0103\",\"url\":\"https:\/\/oanaberdila.com\/\",\"logo\":{\"@type\":\"ImageObject\",\"inLanguage\":\"en-US\",\"@id\":\"https:\/\/oanaberdila.com\/#\/schema\/logo\/image\/\",\"url\":\"https:\/\/oanaberdila.com\/wp-content\/uploads\/2021\/03\/New-logo-NSROana.png\",\"contentUrl\":\"https:\/\/oanaberdila.com\/wp-content\/uploads\/2021\/03\/New-logo-NSROana.png\",\"width\":1024,\"height\":1024,\"caption\":\"Oana Berdil\u0103\"},\"image\":{\"@id\":\"https:\/\/oanaberdila.com\/#\/schema\/logo\/image\/\"}}]}<\/script>\n<!-- \/ Yoast SEO plugin. -->","yoast_head_json":{"title":"Coaching - Oana Berdil\u0103","robots":{"index":"index","follow":"follow","max-snippet":"max-snippet:-1","max-image-preview":"max-image-preview:large","max-video-preview":"max-video-preview:-1"},"canonical":"https:\/\/oanaberdila.com\/en\/coaching\/","og_locale":"en_US","og_type":"article","og_title":"Coaching - Oana Berdil\u0103","og_description":"Coaching E\u0219ti determinat s\u0103 faci o schimbare Ai ajuns \u00eentr-un punct in care \u00eeti spui: \u201cGata! A\u0219a nu se mai poate! E prea mult, asta nu mai poate continua a\u0219a!\u201d E\u0219ti determinat s\u0103 faci o schimbare, chiar dac\u0103 nu \u0219tii \u00eenc\u0103 cum sau ce anume ai de f\u0103cut, tu e\u0219ti determinat s\u0103 parcurgi accelerat to\u021bi [&hellip;]","og_url":"https:\/\/oanaberdila.com\/en\/coaching\/","og_site_name":"Oana Berdil\u0103","article_modified_time":"2025-03-20T23:21:23+00:00","twitter_card":"summary_large_image","twitter_misc":{"Est. reading time":"3 minutes"},"schema":{"@context":"https:\/\/schema.org","@graph":[{"@type":"WebPage","@id":"https:\/\/oanaberdila.com\/coaching\/","url":"https:\/\/oanaberdila.com\/coaching\/","name":"Coaching - Oana Berdil\u0103","isPartOf":{"@id":"https:\/\/oanaberdila.com\/#website"},"datePublished":"2023-11-15T19:59:35+00:00","dateModified":"2025-03-20T23:21:23+00:00","breadcrumb":{"@id":"https:\/\/oanaberdila.com\/coaching\/#breadcrumb"},"inLanguage":"en-US","potentialAction":[{"@type":"ReadAction","target":["https:\/\/oanaberdila.com\/coaching\/"]}]},{"@type":"BreadcrumbList","@id":"https:\/\/oanaberdila.com\/coaching\/#breadcrumb","itemListElement":[{"@type":"ListItem","position":1,"name":"Prima pagin\u0103","item":"https:\/\/oanaberdila.com\/"},{"@type":"ListItem","position":2,"name":"Coaching"}]},{"@type":"WebSite","@id":"https:\/\/oanaberdila.com\/#website","url":"https:\/\/oanaberdila.com\/","name":"Oana Berdil\u0103","description":"Be SMART by HEART inspirational neurocoaching with Oana Berdil\u0103","publisher":{"@id":"https:\/\/oanaberdila.com\/#organization"},"potentialAction":[{"@type":"SearchAction","target":{"@type":"EntryPoint","urlTemplate":"https:\/\/oanaberdila.com\/?s={search_term_string}"},"query-input":{"@type":"PropertyValueSpecification","valueRequired":true,"valueName":"search_term_string"}}],"inLanguage":"en-US"},{"@type":"Organization","@id":"https:\/\/oanaberdila.com\/#organization","name":"Oana Berdil\u0103","url":"https:\/\/oanaberdila.com\/","logo":{"@type":"ImageObject","inLanguage":"en-US","@id":"https:\/\/oanaberdila.com\/#\/schema\/logo\/image\/","url":"https:\/\/oanaberdila.com\/wp-content\/uploads\/2021\/03\/New-logo-NSROana.png","contentUrl":"https:\/\/oanaberdila.com\/wp-content\/uploads\/2021\/03\/New-logo-NSROana.png","width":1024,"height":1024,"caption":"Oana Berdil\u0103"},"image":{"@id":"https:\/\/oanaberdila.com\/#\/schema\/logo\/image\/"}}]}},"_links":{"self":[{"href":"https:\/\/oanaberdila.com\/en\/wp-json\/wp\/v2\/pages\/4713","targetHints":{"allow":["GET"]}}],"collection":[{"href":"https:\/\/oanaberdila.com\/en\/wp-json\/wp\/v2\/pages"}],"about":[{"href":"https:\/\/oanaberdila.com\/en\/wp-json\/wp\/v2\/types\/page"}],"author":[{"embeddable":true,"href":"https:\/\/oanaberdila.com\/en\/wp-json\/wp\/v2\/users\/1"}],"replies":[{"embeddable":true,"href":"https:\/\/oanaberdila.com\/en\/wp-json\/wp\/v2\/comments?post=4713"}],"version-history":[{"count":8,"href":"https:\/\/oanaberdila.com\/en\/wp-json\/wp\/v2\/pages\/4713\/revisions"}],"predecessor-version":[{"id":5589,"href":"https:\/\/oanaberdila.com\/en\/wp-json\/wp\/v2\/pages\/4713\/revisions\/5589"}],"wp:attachment":[{"href":"https:\/\/oanaberdila.com\/en\/wp-json\/wp\/v2\/media?parent=4713"}],"curies":[{"name":"wp","href":"https:\/\/api.w.org\/{rel}","templated":true}]}}